{"id":152,"date":"2023-03-07T12:23:28","date_gmt":"2023-03-07T12:23:28","guid":{"rendered":"https:\/\/dev.djordjevic-winery.com\/?page_id=152"},"modified":"2026-04-24T07:39:15","modified_gmt":"2026-04-24T05:39:15","slug":"go-b","status":"publish","type":"page","link":"https:\/\/dev.djordjevic-winery.com\/en\/go-b\/","title":{"rendered":"Newsletter"},"content":{"rendered":"<div data-elementor-type=\"wp-page\" data-elementor-id=\"152\" class=\"elementor elementor-152\">\n\t\t\t\t<div class=\"elementor-element elementor-element-45ece27 e-flex e-con-boxed e-con e-parent\" data-id=\"45ece27\" data-element_type=\"container\" data-e-type=\"container\">\n\t\t\t\t\t<div class=\"e-con-inner\">\n\t\t\t\t<div class=\"elementor-element elementor-element-b7cf77e elementor-widget elementor-widget-heading\" data-id=\"b7cf77e\" data-element_type=\"widget\" data-e-type=\"widget\" data-settings=\"{&quot;wdt_animation_effect&quot;:&quot;none&quot;}\" data-widget_type=\"heading.default\">\n\t\t\t\t\t<h1 class=\"elementor-heading-title elementor-size-default\">STAY UP TO DATE WITH DJORDJEVIC WINERY<\/h1>\t\t\t\t<\/div>\n\t\t\t\t<div class=\"elementor-element elementor-element-d9c750e elementor-widget elementor-widget-heading\" data-id=\"d9c750e\" data-element_type=\"widget\" data-e-type=\"widget\" data-settings=\"{&quot;wdt_animation_effect&quot;:&quot;none&quot;}\" data-widget_type=\"heading.default\">\n\t\t\t\t\t<h4 class=\"elementor-heading-title elementor-size-default\">Subscribe to our newsletter and be among the first to hear about new wine releases, tasting and event announcements, as well as special offers from the winery. We send messages occasionally, only when we have something worth sharing.<\/h4>\t\t\t\t<\/div>\n\t\t\t\t\t<\/div>\n\t\t\t\t<\/div>\n\t\t\t\t<section class=\"elementor-section elementor-top-section elementor-element elementor-element-a2dbdef elementor-section-full_width elementor-section-height-default elementor-section-height-default\" data-id=\"a2dbdef\" data-element_type=\"section\" data-e-type=\"section\" data-settings=\"{&quot;wdt_bg_image&quot;:{&quot;url&quot;:&quot;&quot;,&quot;id&quot;:&quot;&quot;,&quot;size&quot;:&quot;&quot;},&quot;wdt_bg_image_laptop&quot;:{&quot;url&quot;:&quot;&quot;,&quot;id&quot;:&quot;&quot;,&quot;size&quot;:&quot;&quot;},&quot;wdt_bg_image_tablet_extra&quot;:{&quot;url&quot;:&quot;&quot;,&quot;id&quot;:&quot;&quot;,&quot;size&quot;:&quot;&quot;},&quot;wdt_bg_image_tablet&quot;:{&quot;url&quot;:&quot;&quot;,&quot;id&quot;:&quot;&quot;,&quot;size&quot;:&quot;&quot;},&quot;wdt_bg_image_mobile_extra&quot;:{&quot;url&quot;:&quot;&quot;,&quot;id&quot;:&quot;&quot;,&quot;size&quot;:&quot;&quot;},&quot;wdt_bg_image_mobile&quot;:{&quot;url&quot;:&quot;&quot;,&quot;id&quot;:&quot;&quot;,&quot;size&quot;:&quot;&quot;},&quot;wdt_bg_position&quot;:&quot;center center&quot;,&quot;wdt_animation_effect&quot;:&quot;none&quot;}\">\n\t\t\t\t\t\t\t<div class=\"elementor-background-overlay\"><\/div>\n\t\t\t\t\t\t\t<div class=\"elementor-container elementor-column-gap-default\">\n\t\t\t\t\t<div class=\"elementor-column elementor-col-100 elementor-top-column elementor-element elementor-element-3dcd5c2\" data-id=\"3dcd5c2\" data-element_type=\"column\" data-e-type=\"column\">\n\t\t\t<div class=\"elementor-widget-wrap elementor-element-populated\">\n\t\t\t\t\t\t<div class=\"elementor-element elementor-element-991834b elementor-widget-mobile__width-inherit elementor-widget elementor-widget-wdt-blog-posts\" data-id=\"991834b\" data-element_type=\"widget\" data-e-type=\"widget\" data-settings=\"{&quot;wdt_animation_effect&quot;:&quot;none&quot;}\" data-widget_type=\"wdt-blog-posts.default\">\n\t\t\t\t<div class=\"elementor-widget-container\">\n\t\t\t\t\t<div class=\"wdt-posts-list-wrapper\" ><div class='tpl-blog-holder  apply-isotope'><div class='grid-sizer  entry-grid-layout wdt-simple-style wdt-fadeinleft-hover wdt-flash-overlay alignleft column wdt-one-half wdt-post-entry'><\/div><div class=\"entry-grid-layout wdt-simple-style wdt-fadeinleft-hover wdt-flash-overlay alignleft column wdt-one-half wdt-post-entry\"><article id=\"post-2549\" class=\"post-2549 post type-post status-publish format-standard has-post-thumbnail hentry category-newsletter tag-8-mart tag-dan-zena tag-proslava tag-women blog-entry\">\r\n\r\n\r\n\t<!-- Featured Image -->\r\n\t<div class=\"entry-thumb\">\r\n\t\t\r\n<a href=\"https:\/\/dev.djordjevic-winery.com\/en\/2026\/02\/24\/international-womens-day-at-djordjevic-winery\/\" title=\"Permalink to 7. MART, PROSLAVA POVODOM DANA \u017dENA\"><img fetchpriority=\"high\" decoding=\"async\" width=\"1080\" height=\"876\" src=\"https:\/\/dev.djordjevic-winery.com\/wp-content\/uploads\/2026\/02\/dan-zena.webp\" class=\"attachment-wdt-blog-ii-column size-wdt-blog-ii-column wp-post-image\" alt=\"\" srcset=\"https:\/\/dev.djordjevic-winery.com\/wp-content\/uploads\/2026\/02\/dan-zena.webp 1080w, https:\/\/dev.djordjevic-winery.com\/wp-content\/uploads\/2026\/02\/dan-zena-300x243.webp 300w, https:\/\/dev.djordjevic-winery.com\/wp-content\/uploads\/2026\/02\/dan-zena-1024x831.webp 1024w, https:\/\/dev.djordjevic-winery.com\/wp-content\/uploads\/2026\/02\/dan-zena-768x623.webp 768w, https:\/\/dev.djordjevic-winery.com\/wp-content\/uploads\/2026\/02\/dan-zena-15x12.webp 15w, https:\/\/dev.djordjevic-winery.com\/wp-content\/uploads\/2026\/02\/dan-zena-1000x811.webp 1000w\" sizes=\"(max-width: 1080px) 100vw, 1080px\" \/><\/a>\r\n        <\/div><!-- Featured Image --><div class=\"entry-meta-group\">\r\n<!-- Entry Date -->\r\n<div class=\"entry-date\">\r\n\t<i class=\"wdticon-calendar\"> <\/i>\r\n\tFebruary 24, 2026<\/div><!-- Entry Date -->\r\n<!-- Entry Author -->\r\n<div class=\"entry-author\">\r\n    <i class=\"wdticon-user\"> <\/i>\r\n    <a href=\"https:\/\/dev.djordjevic-winery.com\/en\/author\/dj_admin\/\"\r\n        title=\"View all posts by dj_admin\">dj_admin<\/a>\r\n<\/div><!-- Entry Author --><\/div>\r\n<!-- Entry Title -->\r\n<div class=\"entry-title\">\r\n\t<h4>    \t<a href=\"https:\/\/dev.djordjevic-winery.com\/en\/2026\/02\/24\/international-womens-day-at-djordjevic-winery\/\" title=\"Permalink to 7. MART, PROSLAVA POVODOM DANA \u017dENA\">7. MARCH WOMEN'S DAY CELEBRATION<\/a>\r\n\t<\/h4>\r\n<\/div><!-- Entry Title -->\r\n\t<div class=\"entry-body\"><p>7. MARCH, WOMEN'S DAY CELEBRATION Women's Day celebration Hollywood band live The price includes everything from food and drinks during...<\/p><\/div>\r\n\r\n<!-- Entry Button --><div class=\"entry-button wdt-core-button\"><a href=\"https:\/\/dev.djordjevic-winery.com\/en\/2026\/02\/24\/international-womens-day-at-djordjevic-winery\/\" title=\"7. MARCH WOMEN&#039;S DAY CELEBRATION\" class=\"wdt-button\">Read More<span><svg xmlns=\"http:\/\/www.w3.org\/2000\/svg\" xmlns:xlink=\"http:\/\/www.w3.org\/1999\/xlink\" x=\"0px\" y=\"0px\" viewbox=\"0 0 100 59\" style=\"enable-background:new 0 0 100 59;\" xml:space=\"preserve\"><polygon points=\"59.9,6.1 79.4,25.7 6,25.7 6,33.3 79.4,33.3 59.9,52.9 65.3,58.2 94,29.5 65.3,0.8 \"><\/polygon><\/svg><\/span><\/a><\/div><!-- Entry Button --><\/article><\/div><\/div><div class=\"pagination blog-pagination\"><\/div><\/div>\t\t\t\t<\/div>\n\t\t\t\t<\/div>\n\t\t\t\t\t<\/div>\n\t\t<\/div>\n\t\t\t\t\t<\/div>\n\t\t<\/section>\n\t\t\t\t<section class=\"elementor-section elementor-top-section elementor-element elementor-element-e66a5ed elementor-section-full_width elementor-section-height-default elementor-section-height-default\" data-id=\"e66a5ed\" data-element_type=\"section\" data-e-type=\"section\" data-settings=\"{&quot;wdt_bg_image&quot;:{&quot;url&quot;:&quot;&quot;,&quot;id&quot;:&quot;&quot;,&quot;size&quot;:&quot;&quot;},&quot;wdt_bg_image_laptop&quot;:{&quot;url&quot;:&quot;&quot;,&quot;id&quot;:&quot;&quot;,&quot;size&quot;:&quot;&quot;},&quot;wdt_bg_image_tablet_extra&quot;:{&quot;url&quot;:&quot;&quot;,&quot;id&quot;:&quot;&quot;,&quot;size&quot;:&quot;&quot;},&quot;wdt_bg_image_tablet&quot;:{&quot;url&quot;:&quot;&quot;,&quot;id&quot;:&quot;&quot;,&quot;size&quot;:&quot;&quot;},&quot;wdt_bg_image_mobile_extra&quot;:{&quot;url&quot;:&quot;&quot;,&quot;id&quot;:&quot;&quot;,&quot;size&quot;:&quot;&quot;},&quot;wdt_bg_image_mobile&quot;:{&quot;url&quot;:&quot;&quot;,&quot;id&quot;:&quot;&quot;,&quot;size&quot;:&quot;&quot;},&quot;wdt_bg_position&quot;:&quot;center center&quot;,&quot;wdt_animation_effect&quot;:&quot;none&quot;}\">\n\t\t\t\t\t\t<div class=\"elementor-container elementor-column-gap-no\">\n\t\t\t\t\t<div class=\"elementor-column elementor-col-100 elementor-top-column elementor-element elementor-element-89b3939\" data-id=\"89b3939\" data-element_type=\"column\" data-e-type=\"column\" data-settings=\"{&quot;background_background&quot;:&quot;classic&quot;}\">\n\t\t\t<div class=\"elementor-widget-wrap elementor-element-populated\">\n\t\t\t\t\t<div class=\"elementor-background-overlay\"><\/div>\n\t\t\t\t\t\t<section class=\"elementor-section elementor-inner-section elementor-element elementor-element-a913820 elementor-section-boxed elementor-section-height-default elementor-section-height-default\" data-id=\"a913820\" data-element_type=\"section\" data-e-type=\"section\" data-settings=\"{&quot;wdt_bg_image&quot;:{&quot;url&quot;:&quot;&quot;,&quot;id&quot;:&quot;&quot;,&quot;size&quot;:&quot;&quot;},&quot;wdt_bg_image_laptop&quot;:{&quot;url&quot;:&quot;&quot;,&quot;id&quot;:&quot;&quot;,&quot;size&quot;:&quot;&quot;},&quot;wdt_bg_image_tablet_extra&quot;:{&quot;url&quot;:&quot;&quot;,&quot;id&quot;:&quot;&quot;,&quot;size&quot;:&quot;&quot;},&quot;wdt_bg_image_tablet&quot;:{&quot;url&quot;:&quot;&quot;,&quot;id&quot;:&quot;&quot;,&quot;size&quot;:&quot;&quot;},&quot;wdt_bg_image_mobile_extra&quot;:{&quot;url&quot;:&quot;&quot;,&quot;id&quot;:&quot;&quot;,&quot;size&quot;:&quot;&quot;},&quot;wdt_bg_image_mobile&quot;:{&quot;url&quot;:&quot;&quot;,&quot;id&quot;:&quot;&quot;,&quot;size&quot;:&quot;&quot;},&quot;wdt_bg_position&quot;:&quot;center center&quot;,&quot;wdt_animation_effect&quot;:&quot;none&quot;}\">\n\t\t\t\t\t\t<div class=\"elementor-container elementor-column-gap-no\">\n\t\t\t\t\t<div class=\"elementor-column elementor-col-100 elementor-inner-column elementor-element elementor-element-db0ea78\" data-id=\"db0ea78\" data-element_type=\"column\" data-e-type=\"column\">\n\t\t\t<div class=\"elementor-widget-wrap elementor-element-populated\">\n\t\t\t\t\t\t<div class=\"elementor-element elementor-element-5e297d3 wdt-custom-common-heading-a elementor-widget__width-initial animated-slow elementor-widget-tablet__width-inherit elementor-widget-mobile_extra__width-inherit start elementor-invisible elementor-widget elementor-widget-wdt-heading\" data-id=\"5e297d3\" data-element_type=\"widget\" data-e-type=\"widget\" data-settings=\"{&quot;_animation&quot;:&quot;fadeInUp&quot;,&quot;wdt_animation_effect&quot;:&quot;none&quot;}\" data-widget_type=\"wdt-heading.default\">\n\t\t\t\t<div class=\"elementor-widget-container\">\n\t\t\t\t\t<div class=\"wdt-heading-holder\" id=\"wdt-heading-5e297d3\"><h2 class=\"wdt-heading-title-wrapper wdt-heading-align-center wdt-heading-deco-wrapper\"><span class=\"wdt-heading-title\">SUBSCRIBE TO THE WINERY NEWSLETTER<\/span><\/h2><\/div>\t\t\t\t<\/div>\n\t\t\t\t<\/div>\n\t\t\t\t<div class=\"elementor-element elementor-element-87ef35f wdt-custom-mailchimp-a animated-slow start elementor-invisible elementor-widget elementor-widget-wdt-mailchimp\" data-id=\"87ef35f\" data-element_type=\"widget\" data-e-type=\"widget\" data-settings=\"{&quot;item_normal_background_background&quot;:&quot;classic&quot;,&quot;_animation&quot;:&quot;fadeInUp&quot;,&quot;wdt_animation_effect&quot;:&quot;none&quot;}\" data-widget_type=\"wdt-mailchimp.default\">\n\t\t\t\t<div class=\"elementor-widget-container\">\n\t\t\t\t\t<div class=\"wdt-mailchimp-holder wdt-template-type3\" id=\"wdt-mailchimp-87ef35f\"><div class=\"wdt-mailchimp-wrapper\"><form class=\"wdt-mailchimp-subscribe-form with-btn-text\" name=\"mailchimpSubscribeForm\" action=\"#\" method=\"post\" data-trp-original-action=\"#\"><input type=\"email\" name=\"wdt_mc_emailid\" required=\"required\" placeholder=\"Mail ID\" value=\"\"><input type=\"hidden\" name=\"wdt_mc_listid\" value=\"\" \/><div class=\"wdt-mailchimp-subscription-button-holder\"><button type=\"submit\" name=\"wdt_mc_submit\"><span>Subscribe<\/span><\/button><\/div><div><input type=\"checkbox\" class=\"wdt-terms-and-conditions\" required=\"required\"><span class=\"wdt-terms-condition-lbl\"> Your email is safe with us, we don&#039;t spam. <\/span> <a href=\"\/en\/privacy-policy\/\"> <span class=\"wdt-privacy-policy-lbl\"> Privacy Policy <\/span> <\/a><\/div><input type=\"hidden\" name=\"trp-form-language\" value=\"en\"\/><\/form><div class=\"wdt-mailchimp-subscription-msg\"><\/div><\/div><\/div>\t\t\t\t<\/div>\n\t\t\t\t<\/div>\n\t\t\t\t\t<\/div>\n\t\t<\/div>\n\t\t\t\t\t<\/div>\n\t\t<\/section>\n\t\t\t\t\t<\/div>\n\t\t<\/div>\n\t\t\t\t\t<\/div>\n\t\t<\/section>\n\t\t\t\t<\/div>","protected":false},"excerpt":{"rendered":"<p>OSTANITE U TOKU SA \u0110OR\u0110EVI\u0106 WINERY Prijavite se na na\u0161 newsletter i budite me\u0111u prvima koji saznaju za nova izdanja vina, najave degustacija i doga\u0111aja, kao i posebne ponude iz vinarije. \u0160aljemo poruke povremeno, samo kada imamo ne\u0161to vredno da podelimo. February 24, 2026 dj_admin 7. MART, PROSLAVA POVODOM DANA \u017dENA 7. MART, PROSLAVA POVODOM [&hellip;]<\/p>\n","protected":false},"author":1,"featured_media":0,"parent":0,"menu_order":0,"comment_status":"closed","ping_status":"closed","template":"elementor_header_footer","meta":{"footnotes":""},"class_list":["post-152","page","type-page","status-publish","hentry","blog-entry","format-standard"],"_links":{"self":[{"href":"https:\/\/dev.djordjevic-winery.com\/en\/wp-json\/wp\/v2\/pages\/152","targetHints":{"allow":["GET"]}}],"collection":[{"href":"https:\/\/dev.djordjevic-winery.com\/en\/wp-json\/wp\/v2\/pages"}],"about":[{"href":"https:\/\/dev.djordjevic-winery.com\/en\/wp-json\/wp\/v2\/types\/page"}],"author":[{"embeddable":true,"href":"https:\/\/dev.djordjevic-winery.com\/en\/wp-json\/wp\/v2\/users\/1"}],"replies":[{"embeddable":true,"href":"https:\/\/dev.djordjevic-winery.com\/en\/wp-json\/wp\/v2\/comments?post=152"}],"version-history":[{"count":56,"href":"https:\/\/dev.djordjevic-winery.com\/en\/wp-json\/wp\/v2\/pages\/152\/revisions"}],"predecessor-version":[{"id":4282,"href":"https:\/\/dev.djordjevic-winery.com\/en\/wp-json\/wp\/v2\/pages\/152\/revisions\/4282"}],"wp:attachment":[{"href":"https:\/\/dev.djordjevic-winery.com\/en\/wp-json\/wp\/v2\/media?parent=152"}],"curies":[{"name":"wp","href":"https:\/\/api.w.org\/{rel}","templated":true}]}}